{"id":79,"date":"2021-05-04T20:23:44","date_gmt":"2021-05-04T20:23:44","guid":{"rendered":"https:\/\/bloom-demo.heartenmade.com\/?page_id=79"},"modified":"2024-02-18T21:16:22","modified_gmt":"2024-02-18T21:16:22","slug":"faq","status":"publish","type":"page","link":"https:\/\/doropizon.com\/?page_id=79","title":{"rendered":""},"content":{"rendered":"<style>.wp-block-kadence-advancedheading.kt-adv-heading79_efb259-9e, .wp-block-kadence-advancedheading.kt-adv-heading79_efb259-9e[data-kb-block=\"kb-adv-heading79_efb259-9e\"]{padding-top:50px;padding-bottom:50px;text-align:center;font-style:normal;text-transform:uppercase;}.wp-block-kadence-advancedheading.kt-adv-heading79_efb259-9e mark.kt-highlight, .wp-block-kadence-advancedheading.kt-adv-heading79_efb259-9e[data-kb-block=\"kb-adv-heading79_efb259-9e\"] mark.kt-highlight{font-style:normal;color:#f76a0c;-webkit-box-decoration-break:clone;box-decoration-break:clone;padding-top:0px;padding-right:0px;padding-bottom:0px;padding-left:0px;}<\/style>\n<h3 class=\"kt-adv-heading79_efb259-9e wp-block-kadence-advancedheading has-theme-palette-9-background-color has-background\" data-kb-block=\"kb-adv-heading79_efb259-9e\">FAQ<\/h3>\n\n\n\n<div class=\"wp-block-group\"><div class=\"wp-block-group__inner-container is-layout-constrained wp-block-group-is-layout-constrained\"><style>.kt-accordion-id79_43884f-d7 .kt-accordion-inner-wrap{column-gap:var(--global-kb-gap-md, 2rem);row-gap:15px;}.kt-accordion-id79_43884f-d7 .kt-accordion-panel-inner{border-top:0px solid transparent;border-right:0px solid transparent;border-bottom:0px solid transparent;border-left:0px solid transparent;background:#ffffff;padding-top:30px;padding-right:0px;padding-bottom:20px;padding-left:0px;}.kt-accordion-id79_43884f-d7 .wp-block-kadence-pane .kt-accordion-header-wrap .kt-blocks-accordion-header{border-top-color:var(--global-palette1, #3182CE);border-top-style:solid;border-right-color:var(--global-palette1, #3182CE);border-right-style:solid;border-bottom:1px solid var(--global-palette1, #3182CE);border-left-color:var(--global-palette1, #3182CE);border-left-style:solid;border-top-left-radius:0px;border-top-right-radius:0px;border-bottom-right-radius:0px;border-bottom-left-radius:0px;background:#ffffff;font-size:14px;line-height:24px;letter-spacing:3px;font-family:Inconsolata;font-weight:400;text-transform:uppercase;color:var(--global-palette3, #1A202C);padding-top:14px;padding-right:10px;padding-bottom:14px;padding-left:0px;}.kt-accordion-id79_43884f-d7:not( .kt-accodion-icon-style-basiccircle ):not( .kt-accodion-icon-style-xclosecircle ):not( .kt-accodion-icon-style-arrowcircle ) .kt-blocks-accordion-icon-trigger:after, .kt-accordion-id79_43884f-d7:not( .kt-accodion-icon-style-basiccircle ):not( .kt-accodion-icon-style-xclosecircle ):not( .kt-accodion-icon-style-arrowcircle ) .kt-blocks-accordion-icon-trigger:before{background:var(--global-palette3, #1A202C);}.kt-accordion-id79_43884f-d7:not( .kt-accodion-icon-style-basic ):not( .kt-accodion-icon-style-xclose ):not( .kt-accodion-icon-style-arrow ) .kt-blocks-accordion-icon-trigger{background:var(--global-palette3, #1A202C);}.kt-accordion-id79_43884f-d7:not( .kt-accodion-icon-style-basic ):not( .kt-accodion-icon-style-xclose ):not( .kt-accodion-icon-style-arrow ) .kt-blocks-accordion-icon-trigger:after, .kt-accordion-id79_43884f-d7:not( .kt-accodion-icon-style-basic ):not( .kt-accodion-icon-style-xclose ):not( .kt-accodion-icon-style-arrow ) .kt-blocks-accordion-icon-trigger:before{background:#ffffff;}.kt-accordion-id79_43884f-d7 .kt-accordion-header-wrap .kt-blocks-accordion-header:hover, body:not(.hide-focus-outline) .kt-accordion-id79_43884f-d7 .kt-accordion-header-wrap .kt-blocks-accordion-header:focus-visible{color:#444444;background:#ffffff;border-top-color:var(--global-palette6, #718096);border-top-style:solid;border-right-color:var(--global-palette6, #718096);border-right-style:solid;border-bottom:1px solid var(--global-palette6, #718096);border-left-color:var(--global-palette6, #718096);border-left-style:solid;}.kt-accordion-id79_43884f-d7:not( .kt-accodion-icon-style-basiccircle ):not( .kt-accodion-icon-style-xclosecircle ):not( .kt-accodion-icon-style-arrowcircle ) .kt-blocks-accordion-header:hover .kt-blocks-accordion-icon-trigger:after, .kt-accordion-id79_43884f-d7:not( .kt-accodion-icon-style-basiccircle ):not( .kt-accodion-icon-style-xclosecircle ):not( .kt-accodion-icon-style-arrowcircle ) .kt-blocks-accordion-header:hover .kt-blocks-accordion-icon-trigger:before, body:not(.hide-focus-outline) .kt-accordion-id79_43884f-d7:not( .kt-accodion-icon-style-basiccircle ):not( .kt-accodion-icon-style-xclosecircle ):not( .kt-accodion-icon-style-arrowcircle ) .kt-blocks-accordion--visible .kt-blocks-accordion-icon-trigger:after, body:not(.hide-focus-outline) .kt-accordion-id79_43884f-d7:not( .kt-accodion-icon-style-basiccircle ):not( .kt-accodion-icon-style-xclosecircle ):not( .kt-accodion-icon-style-arrowcircle ) .kt-blocks-accordion-header:focus-visible .kt-blocks-accordion-icon-trigger:before{background:#444444;}.kt-accordion-id79_43884f-d7:not( .kt-accodion-icon-style-basic ):not( .kt-accodion-icon-style-xclose ):not( .kt-accodion-icon-style-arrow ) .kt-blocks-accordion-header:hover .kt-blocks-accordion-icon-trigger, body:not(.hide-focus-outline) .kt-accordion-id79_43884f-d7:not( .kt-accodion-icon-style-basic ):not( .kt-accodion-icon-style-xclose ):not( .kt-accodion-icon-style-arrow ) .kt-blocks-accordion-header:focus-visible .kt-blocks-accordion-icon-trigger{background:#444444;}.kt-accordion-id79_43884f-d7:not( .kt-accodion-icon-style-basic ):not( .kt-accodion-icon-style-xclose ):not( .kt-accodion-icon-style-arrow ) .kt-blocks-accordion-header:hover .kt-blocks-accordion-icon-trigger:after, .kt-accordion-id79_43884f-d7:not( .kt-accodion-icon-style-basic ):not( .kt-accodion-icon-style-xclose ):not( .kt-accodion-icon-style-arrow ) .kt-blocks-accordion-header:hover .kt-blocks-accordion-icon-trigger:before, body:not(.hide-focus-outline) .kt-accordion-id79_43884f-d7:not( .kt-accodion-icon-style-basic ):not( .kt-accodion-icon-style-xclose ):not( .kt-accodion-icon-style-arrow ) .kt-blocks-accordion-header:focus-visible .kt-blocks-accordion-icon-trigger:after, body:not(.hide-focus-outline) .kt-accordion-id79_43884f-d7:not( .kt-accodion-icon-style-basic ):not( .kt-accodion-icon-style-xclose ):not( .kt-accodion-icon-style-arrow ) .kt-blocks-accordion-header:focus-visible .kt-blocks-accordion-icon-trigger:before{background:#ffffff;}.kt-accordion-id79_43884f-d7 .kt-accordion-header-wrap .kt-blocks-accordion-header:focus-visible, .kt-accordion-id79_43884f-d7 .kt-accordion-header-wrap .kt-blocks-accordion-header.kt-accordion-panel-active{color:#444444;background:#ffffff;border-top-color:var(--global-palette1, #3182CE);border-top-style:solid;border-right-color:var(--global-palette1, #3182CE);border-right-style:solid;border-bottom:1px solid var(--global-palette1, #3182CE);border-left-color:var(--global-palette1, #3182CE);border-left-style:solid;}.kt-accordion-id79_43884f-d7:not( .kt-accodion-icon-style-basiccircle ):not( .kt-accodion-icon-style-xclosecircle ):not( .kt-accodion-icon-style-arrowcircle ) .kt-blocks-accordion-header.kt-accordion-panel-active .kt-blocks-accordion-icon-trigger:after, .kt-accordion-id79_43884f-d7:not( .kt-accodion-icon-style-basiccircle ):not( .kt-accodion-icon-style-xclosecircle ):not( .kt-accodion-icon-style-arrowcircle ) .kt-blocks-accordion-header.kt-accordion-panel-active .kt-blocks-accordion-icon-trigger:before{background:#444444;}.kt-accordion-id79_43884f-d7:not( .kt-accodion-icon-style-basic ):not( .kt-accodion-icon-style-xclose ):not( .kt-accodion-icon-style-arrow ) .kt-blocks-accordion-header.kt-accordion-panel-active .kt-blocks-accordion-icon-trigger{background:#444444;}.kt-accordion-id79_43884f-d7:not( .kt-accodion-icon-style-basic ):not( .kt-accodion-icon-style-xclose ):not( .kt-accodion-icon-style-arrow ) .kt-blocks-accordion-header.kt-accordion-panel-active .kt-blocks-accordion-icon-trigger:after, .kt-accordion-id79_43884f-d7:not( .kt-accodion-icon-style-basic ):not( .kt-accodion-icon-style-xclose ):not( .kt-accodion-icon-style-arrow ) .kt-blocks-accordion-header.kt-accordion-panel-active .kt-blocks-accordion-icon-trigger:before{background:#ffffff;}@media all and (max-width: 1024px){.kt-accordion-id79_43884f-d7 .kt-accordion-panel-inner{border-top:0px solid transparent;border-right:0px solid transparent;border-bottom:0px solid transparent;border-left:0px solid transparent;}}@media all and (max-width: 1024px){.kt-accordion-id79_43884f-d7 .wp-block-kadence-pane .kt-accordion-header-wrap .kt-blocks-accordion-header{border-top-color:var(--global-palette1, #3182CE);border-top-style:solid;border-right-color:var(--global-palette1, #3182CE);border-right-style:solid;border-bottom:1px solid var(--global-palette1, #3182CE);border-left-color:var(--global-palette1, #3182CE);border-left-style:solid;}}@media all and (max-width: 1024px){.kt-accordion-id79_43884f-d7 .kt-accordion-header-wrap .kt-blocks-accordion-header:hover, body:not(.hide-focus-outline) .kt-accordion-id79_43884f-d7 .kt-accordion-header-wrap .kt-blocks-accordion-header:focus-visible{border-top-color:var(--global-palette6, #718096);border-top-style:solid;border-right-color:var(--global-palette6, #718096);border-right-style:solid;border-bottom:1px solid var(--global-palette6, #718096);border-left-color:var(--global-palette6, #718096);border-left-style:solid;}}@media all and (max-width: 1024px){.kt-accordion-id79_43884f-d7 .kt-accordion-header-wrap .kt-blocks-accordion-header:focus-visible, .kt-accordion-id79_43884f-d7 .kt-accordion-header-wrap .kt-blocks-accordion-header.kt-accordion-panel-active{border-top-color:var(--global-palette1, #3182CE);border-top-style:solid;border-right-color:var(--global-palette1, #3182CE);border-right-style:solid;border-bottom:1px solid var(--global-palette1, #3182CE);border-left-color:var(--global-palette1, #3182CE);border-left-style:solid;}}@media all and (max-width: 767px){.kt-accordion-id79_43884f-d7 .kt-accordion-inner-wrap{display:block;}.kt-accordion-id79_43884f-d7 .kt-accordion-inner-wrap .kt-accordion-pane:not(:first-child){margin-top:15px;}.kt-accordion-id79_43884f-d7 .kt-accordion-panel-inner{border-top:0px solid transparent;border-right:0px solid transparent;border-bottom:0px solid transparent;border-left:0px solid transparent;}.kt-accordion-id79_43884f-d7 .wp-block-kadence-pane .kt-accordion-header-wrap .kt-blocks-accordion-header{border-top-color:var(--global-palette1, #3182CE);border-top-style:solid;border-right-color:var(--global-palette1, #3182CE);border-right-style:solid;border-bottom:1px solid var(--global-palette1, #3182CE);border-left-color:var(--global-palette1, #3182CE);border-left-style:solid;}.kt-accordion-id79_43884f-d7 .kt-accordion-header-wrap .kt-blocks-accordion-header:hover, body:not(.hide-focus-outline) .kt-accordion-id79_43884f-d7 .kt-accordion-header-wrap .kt-blocks-accordion-header:focus-visible{border-top-color:var(--global-palette6, #718096);border-top-style:solid;border-right-color:var(--global-palette6, #718096);border-right-style:solid;border-bottom:1px solid var(--global-palette6, #718096);border-left-color:var(--global-palette6, #718096);border-left-style:solid;}.kt-accordion-id79_43884f-d7 .kt-accordion-header-wrap .kt-blocks-accordion-header:focus-visible, .kt-accordion-id79_43884f-d7 .kt-accordion-header-wrap .kt-blocks-accordion-header.kt-accordion-panel-active{border-top-color:var(--global-palette1, #3182CE);border-top-style:solid;border-right-color:var(--global-palette1, #3182CE);border-right-style:solid;border-bottom:1px solid var(--global-palette1, #3182CE);border-left-color:var(--global-palette1, #3182CE);border-left-style:solid;}}<\/style>\n<div class=\"wp-block-kadence-accordion alignnone aligncenter justify\"><div class=\"kt-accordion-wrap kt-accordion-id79_43884f-d7 kt-accordion-has-19-panes kt-active-pane-0 kt-accordion-block kt-pane-header-alignment-left kt-accodion-icon-style-arrow kt-accodion-icon-side-right\" style=\"max-width:2000px\"><div class=\"kt-accordion-inner-wrap\" data-allow-multiple-open=\"false\" data-start-open=\"none\">\n<div class=\"wp-block-kadence-pane kt-accordion-pane kt-accordion-pane-11 kt-pane79_838076-f4\"><div class=\"kt-accordion-header-wrap\"><button class=\"kt-blocks-accordion-header kt-acccordion-button-label-show\"><span class=\"kt-blocks-accordion-title-wrap\"><span class=\"kt-blocks-accordion-title\">Wie l\u00e4uft ein Fotoshooting bei Dir ab?<\/span><\/span><span class=\"kt-blocks-accordion-icon-trigger\"><\/span><\/button><\/div><div class=\"kt-accordion-panel kt-accordion-panel-hidden\"><div class=\"kt-accordion-panel-inner\">\n<pre class=\"wp-block-preformatted\">Ich komme an einen (oder auch an mehrere Orte) Eurer Wahl. Es sollte ein Ort sein, an dem ihr Euch wohlf\u00fchlt. Die meisten w\u00e4hlen ihr Zuhause, es kann aber auch jeder andere Ort sein, an dem ihr entspannt sein k\u00f6nnt - der Park, Spielplatz, Innenhof\u2026\u00dcberlegt Euch, was ihr in Eurem Alltag aktuell gerne gemeinsam macht, welche Erinnerungen ihr am liebsten festhalten wollt. Es kann das gemeinsame Essen Zubereiten und am Tisch sitzen sein, Quatsch machen und Rumtoben, Kuscheln, Vorlesen, Z\u00e4hneputzen, einfach nur auf der Couch Rumh\u00e4ngen\u2026all die kleinen Momente, die Eure pers\u00f6nliche Geschichte erz\u00e4hlen. Von Eurer Seite wars das eigentlich auch schon! Den Rest \u00fcberlasst ihr mir. Wenn ich Euch fotografiere gibt es kein Posen, ihr werdet nie von mir ein \u201cGuck mal in die Kamera!\u201d oder \u201cCheese!\u201d h\u00f6ren - dokumentarisch bedeutet, dass ich ins Geschehen nicht eingreife und Euren echten, nat\u00fcrlichen Alltag festhalte.  Ihr m\u00fcsst Euch nicht verstellten und schon garnicht schick machen oder aufr\u00e4umen! Hauptsache ihr f\u00fchlt Euch wohl. Ich arbeite \u00fcbrigens mit relativ \u201ckleinem\u201d Equipment - keine riesigen Teleobjektive und aus Prinzip kein Blitz.&nbsp;Idealerweise k\u00f6nnt ihr zwischendurch komplett ausblenden, dass ich \u00fcberhaupt da bin.<\/pre>\n<\/div><\/div><\/div>\n\n\n\n<div class=\"wp-block-kadence-pane kt-accordion-pane kt-accordion-pane-19 kt-pane79_13bbe9-ca\"><div class=\"kt-accordion-header-wrap\"><button class=\"kt-blocks-accordion-header kt-acccordion-button-label-show\"><span class=\"kt-blocks-accordion-title-wrap\"><span class=\"kt-blocks-accordion-title\">Was bedeutet eigentlich \"dokumentarisch\"?<\/span><\/span><span class=\"kt-blocks-accordion-icon-trigger\"><\/span><\/button><\/div><div class=\"kt-accordion-panel kt-accordion-panel-hidden\"><div class=\"kt-accordion-panel-inner\">\n<pre class=\"wp-block-preformatted\">Dokumentarische Familienfotograf*innen fotografieren ohne, dass sie manipulieren - weder in der Entstehung des Bildes durch z.B. Anleitung des Geschehens, noch durch Ver\u00e4ndern der Umgebung noch des Lichts, noch in der Nachbearbeitung. Die Widergabe der Realit\u00e4t ist das Prinzip. Auf gut Deutsch bin ich eine fotografierende Beobachterin. Ich glaube nicht daran, dass Zahnpastal\u00e4cheln und verkrampfte Posen einmal warme Gef\u00fchle der Erinnerung bei Euch ausl\u00f6sen werden, ein \"Das sind wir!\". Meine Bilder halten Eure Individualit\u00e4t und Besonderheit fest weil ihr so von mir fotografiert werdet, wie ihr seid.  <\/pre>\n<\/div><\/div><\/div>\n\n\n\n<div class=\"wp-block-kadence-pane kt-accordion-pane kt-accordion-pane-6 kt-pane79_953abb-f6\"><div class=\"kt-accordion-header-wrap\"><button class=\"kt-blocks-accordion-header kt-acccordion-button-label-show\"><span class=\"kt-blocks-accordion-title-wrap\"><span class=\"kt-blocks-accordion-title\">Wir sind uns unsicher, welches Paket zu uns passt!<\/span><\/span><span class=\"kt-blocks-accordion-icon-trigger\"><\/span><\/button><\/div><div class=\"kt-accordion-panel kt-accordion-panel-hidden\"><div class=\"kt-accordion-panel-inner\">\n<pre class=\"wp-block-preformatted\">Wenn ihr Beratungsbedarf habt, welches Paket sich am besten f\u00fcr Euch eignet, helfe ich Euch auch sehr gerne bei der Entscheidung.&nbsp;Schreibt mir einfach oder ruft mich an.<\/pre>\n<\/div><\/div><\/div>\n\n\n\n<div class=\"wp-block-kadence-pane kt-accordion-pane kt-accordion-pane-10 kt-pane79_a54976-8c\"><div class=\"kt-accordion-header-wrap\"><button class=\"kt-blocks-accordion-header kt-acccordion-button-label-show\"><span class=\"kt-blocks-accordion-title-wrap\"><span class=\"kt-blocks-accordion-title\">Is it also possible to do the photo session in English?<\/span><\/span><span class=\"kt-blocks-accordion-icon-trigger\"><\/span><\/button><\/div><div class=\"kt-accordion-panel kt-accordion-panel-hidden\"><div class=\"kt-accordion-panel-inner\">\n<pre class=\"wp-block-preformatted\">Of course! I speak German, English and Polish fluently. As long as at least one of you speaks one of these languages it\u2019s not a problem for me whatsoever!<\/pre>\n<\/div><\/div><\/div>\n\n\n\n<div class=\"wp-block-kadence-pane kt-accordion-pane kt-accordion-pane-9 kt-pane79_a7cdb9-1a\"><div class=\"kt-accordion-header-wrap\"><button class=\"kt-blocks-accordion-header kt-acccordion-button-label-show\"><span class=\"kt-blocks-accordion-title-wrap\"><span class=\"kt-blocks-accordion-title\">Wir haben gar keine Kinder - fotografierst Du uns trotzdem?<\/span><\/span><span class=\"kt-blocks-accordion-icon-trigger\"><\/span><\/button><\/div><div class=\"kt-accordion-panel kt-accordion-panel-hidden\"><div class=\"kt-accordion-panel-inner\">\n<pre class=\"wp-block-preformatted\">Selbstverst\u00e4ndlich. Ich fotografiere auch Paare, Mehrgenerationsfamilien, Solomamas\u2026kontaktiert mich einfach und wir sprechen dar\u00fcber.<\/pre>\n<\/div><\/div><\/div>\n\n\n\n<div class=\"wp-block-kadence-pane kt-accordion-pane kt-accordion-pane-7 kt-pane79_70f051-26\"><div class=\"kt-accordion-header-wrap\"><button class=\"kt-blocks-accordion-header kt-acccordion-button-label-show\"><span class=\"kt-blocks-accordion-title-wrap\"><span class=\"kt-blocks-accordion-title\">Ich w\u00fcrde gerne eine Fotosession bei Dir verschenken. Ist das m\u00f6glich?&nbsp;<\/span><\/span><span class=\"kt-blocks-accordion-icon-trigger\"><\/span><\/button><\/div><div class=\"kt-accordion-panel kt-accordion-panel-hidden\"><div class=\"kt-accordion-panel-inner\">\n<pre class=\"wp-block-preformatted\">Na klar, Du kannst einen Gutschein erwerben. Schreib mir einfach.&nbsp;<\/pre>\n<\/div><\/div><\/div>\n\n\n\n<div class=\"wp-block-kadence-pane kt-accordion-pane kt-accordion-pane-13 kt-pane79_607a87-a1\"><div class=\"kt-accordion-header-wrap\"><button class=\"kt-blocks-accordion-header kt-acccordion-button-label-show\"><span class=\"kt-blocks-accordion-title-wrap\"><span class=\"kt-blocks-accordion-title\">4,8\u2026 Stunden fotografiert werden - klingt anstrengend!&nbsp;<\/span><\/span><span class=\"kt-blocks-accordion-icon-trigger\"><\/span><\/button><\/div><div class=\"kt-accordion-panel kt-accordion-panel-hidden\"><div class=\"kt-accordion-panel-inner\">\n<pre class=\"wp-block-preformatted\">Diesen Gedanken verstehe ich gut! Aber keine Sorge - ich halte nicht pausenlos die Kamera in Eure Gesichter. Die Magie des Alltags entfaltet sich am besten wenn man ihr zwischendurch Luft zum Atmen gibt. Ich m\u00f6chte, dass ihr Euch in meiner Gegenwart wohl f\u00fchlt. Deshalb k\u00f6nnt ihr auf mein Einf\u00fchlungsverm\u00f6gen und Erfahrung als Familienfotografin vertrauen, dass ich die Kamera auch mal beiseite lege und uns Pausen g\u00f6nne wenn es angebracht ist.&nbsp;<\/pre>\n<\/div><\/div><\/div>\n\n\n\n<div class=\"wp-block-kadence-pane kt-accordion-pane kt-accordion-pane-8 kt-pane79_907664-68\"><div class=\"kt-accordion-header-wrap\"><button class=\"kt-blocks-accordion-header kt-acccordion-button-label-show\"><span class=\"kt-blocks-accordion-title-wrap\"><span class=\"kt-blocks-accordion-title\">Was ist wenn ein Familienmitglied\/ mein Kind nicht fotografiert werden will?<\/span><\/span><span class=\"kt-blocks-accordion-icon-trigger\"><\/span><\/button><\/div><div class=\"kt-accordion-panel kt-accordion-panel-hidden\"><div class=\"kt-accordion-panel-inner\">\n<pre class=\"wp-block-preformatted\">Dann respektiere ich das selbstverst\u00e4ndlich.<\/pre>\n<\/div><\/div><\/div>\n\n\n\n<div class=\"wp-block-kadence-pane kt-accordion-pane kt-accordion-pane-15 kt-pane79_5e396c-64\"><div class=\"kt-accordion-header-wrap\"><button class=\"kt-blocks-accordion-header kt-acccordion-button-label-show\"><span class=\"kt-blocks-accordion-title-wrap\"><span class=\"kt-blocks-accordion-title\">Unsere Wohnung ist so dunkel\/ nicht so sch\u00f6n\/ chaotisch!<\/span><\/span><span class=\"kt-blocks-accordion-icon-trigger\"><\/span><\/button><\/div><div class=\"kt-accordion-panel kt-accordion-panel-hidden\"><div class=\"kt-accordion-panel-inner\">\n<pre class=\"wp-block-preformatted\">Eure Wohnung oder jeder andere Ort, an dem ihr Euch wohlf\u00fchlt ist gut, so wie er ist. Ich m\u00f6chte Euch und Eure Verbindung zueinander festhalten - der Ort muss dabei weder hell beleuchtet (keine Sorge, auch mit wenig Licht kann ich sch\u00f6ne Bilder zaubern), noch schick oder cool sein - ihr solltet Euch an dem Ort einfach nur entspannen k\u00f6nnen, den Rest ist meine Aufgabe.&nbsp;<\/pre>\n<\/div><\/div><\/div>\n\n\n\n<div class=\"wp-block-kadence-pane kt-accordion-pane kt-accordion-pane-16 kt-pane79_7606d8-78\"><div class=\"kt-accordion-header-wrap\"><button class=\"kt-blocks-accordion-header kt-acccordion-button-label-show\"><span class=\"kt-blocks-accordion-title-wrap\"><span class=\"kt-blocks-accordion-title\">Was wenn einer von uns krank wird?&nbsp;<\/span><\/span><span class=\"kt-blocks-accordion-icon-trigger\"><\/span><\/button><\/div><div class=\"kt-accordion-panel kt-accordion-panel-hidden\"><div class=\"kt-accordion-panel-inner\">\n<pre class=\"wp-block-preformatted\">Dann verschieben wir die Fotosession einfach.<\/pre>\n<\/div><\/div><\/div>\n\n\n\n<div class=\"wp-block-kadence-pane kt-accordion-pane kt-accordion-pane-17 kt-pane79_518610-d1\"><div class=\"kt-accordion-header-wrap\"><button class=\"kt-blocks-accordion-header kt-acccordion-button-label-show\"><span class=\"kt-blocks-accordion-title-wrap\"><span class=\"kt-blocks-accordion-title\">Wann bezahlen wir Dich?&nbsp;<\/span><\/span><span class=\"kt-blocks-accordion-icon-trigger\"><\/span><\/button><\/div><div class=\"kt-accordion-panel kt-accordion-panel-hidden\"><div class=\"kt-accordion-panel-inner\">\n<pre class=\"wp-block-preformatted\">Um das Fotoshooting zu buchen, werdet ihr eine Anzahlung von 100 bis 300 Euro bezahlen. Wenn ihr alle Bilder gesehen und Eure Favoriten ausgesucht habt, schicke ich Euch eine Abschlussrechnung per Email. Ist der volle Betrag beglichen, geh\u00f6ren die Fotos Euch und ihr k\u00f6nnt sie Euch aus der Galerie herunterladen.<\/pre>\n<\/div><\/div><\/div>\n\n\n\n<div class=\"wp-block-kadence-pane kt-accordion-pane kt-accordion-pane-18 kt-pane79_d84380-46\"><div class=\"kt-accordion-header-wrap\"><button class=\"kt-blocks-accordion-header kt-acccordion-button-label-show\"><span class=\"kt-blocks-accordion-title-wrap\"><span class=\"kt-blocks-accordion-title\">Ich habe noch offene Fragen!<\/span><\/span><span class=\"kt-blocks-accordion-icon-trigger\"><\/span><\/button><\/div><div class=\"kt-accordion-panel kt-accordion-panel-hidden\"><div class=\"kt-accordion-panel-inner\">\n<pre class=\"wp-block-preformatted\">Super! Schreibt mir einfach oder ruft mich an und wir k\u00f6nnen \u00fcber alles sprechen, was Euch auf dem Herzen liegt. <\/pre>\n<\/div><\/div><\/div>\n<\/div><\/div><\/div>\n<\/div><\/div>\n\n\n\n<p><\/p>\n\n\n<style>.wp-block-kadence-advancedbtn.kb-btns79_8e581a-a4{gap:var(--global-kb-gap-xs, 0.5rem );justify-content:center;align-items:center;}.kt-btns79_8e581a-a4 .kt-button{font-weight:normal;font-style:normal;}.kt-btns79_8e581a-a4 .kt-btn-wrap-0{margin-right:5px;}.wp-block-kadence-advancedbtn.kt-btns79_8e581a-a4 .kt-btn-wrap-0 .kt-button{color:#555555;border-color:#555555;}.wp-block-kadence-advancedbtn.kt-btns79_8e581a-a4 .kt-btn-wrap-0 .kt-button:hover, .wp-block-kadence-advancedbtn.kt-btns79_8e581a-a4 .kt-btn-wrap-0 .kt-button:focus{color:#ffffff;border-color:#444444;}.wp-block-kadence-advancedbtn.kt-btns79_8e581a-a4 .kt-btn-wrap-0 .kt-button::before{display:none;}.wp-block-kadence-advancedbtn.kt-btns79_8e581a-a4 .kt-btn-wrap-0 .kt-button:hover, .wp-block-kadence-advancedbtn.kt-btns79_8e581a-a4 .kt-btn-wrap-0 .kt-button:focus{background:#444444;}<\/style>\n<div class=\"wp-block-kadence-advancedbtn kb-buttons-wrap kb-btns79_8e581a-a4\"><style>ul.menu .wp-block-kadence-advancedbtn .kb-btn79_c137a2-a3.kb-button{width:initial;}@media all and (max-width: 1024px){.kb-btn79_c137a2-a3.kb-button .kb-svg-icon-wrap{display:block;}}<\/style><a class=\"kb-button kt-button button kb-btn79_c137a2-a3 kt-btn-size-standard kt-btn-width-type-auto kb-btn-global-fill kt-btn-has-text-true kt-btn-has-svg-false wp-block-kadence-singlebtn\" href=\"https:\/\/doropizon.com\/?page_id=77\"><span class=\"kt-btn-inner-text\">Kon\u00adtakt<\/span><\/a><\/div>\n","protected":false},"excerpt":{"rendered":"<p>FAQ<\/p>\n","protected":false},"author":1,"featured_media":0,"parent":0,"menu_order":0,"comment_status":"closed","ping_status":"closed","template":"","meta":{"wp_typography_post_enhancements_disabled":false,"_monsterinsights_skip_tracking":false,"_monsterinsights_sitenote_active":false,"_monsterinsights_sitenote_note":"","_monsterinsights_sitenote_category":0,"_kadence_starter_templates_imported_post":true,"_kad_post_transparent":"disable","_kad_post_title":"","_kad_post_layout":"normal","_kad_post_sidebar_id":"","_kad_post_content_style":"","_kad_post_vertical_padding":"show","_kad_post_feature":"","_kad_post_feature_position":"","_kad_post_header":false,"_kad_post_footer":false,"footnotes":"","_links_to":"","_links_to_target":""},"_links":{"self":[{"href":"https:\/\/doropizon.com\/index.php?rest_route=\/wp\/v2\/pages\/79"}],"collection":[{"href":"https:\/\/doropizon.com\/index.php?rest_route=\/wp\/v2\/pages"}],"about":[{"href":"https:\/\/doropizon.com\/index.php?rest_route=\/wp\/v2\/types\/page"}],"author":[{"embeddable":true,"href":"https:\/\/doropizon.com\/index.php?rest_route=\/wp\/v2\/users\/1"}],"replies":[{"embeddable":true,"href":"https:\/\/doropizon.com\/index.php?rest_route=%2Fwp%2Fv2%2Fcomments&post=79"}],"version-history":[{"count":34,"href":"https:\/\/doropizon.com\/index.php?rest_route=\/wp\/v2\/pages\/79\/revisions"}],"predecessor-version":[{"id":9009,"href":"https:\/\/doropizon.com\/index.php?rest_route=\/wp\/v2\/pages\/79\/revisions\/9009"}],"wp:attachment":[{"href":"https:\/\/doropizon.com\/index.php?rest_route=%2Fwp%2Fv2%2Fmedia&parent=79"}],"curies":[{"name":"wp","href":"https:\/\/api.w.org\/{rel}","templated":true}]}}